{"id":3,"date":"2025-03-22T09:41:17","date_gmt":"2025-03-22T09:41:17","guid":{"rendered":"https:\/\/my.campingmoubra.ch\/?page_id=3"},"modified":"2025-04-10T13:38:26","modified_gmt":"2025-04-10T13:38:26","slug":"privacy-policy","status":"publish","type":"page","link":"https:\/\/campingmoubra.ch\/en\/privacy-policy\/","title":{"rendered":"Politique de confidentialit\u00e9"},"content":{"rendered":"<h2 class=\"wp-block-heading\">Qui nous sommes<\/h2>\n\n\n\n<p>L&rsquo;adresse de notre site web est: https:\/\/my.campingmoubra.ch.<\/p>\n\n\n\n<h2 class=\"wp-block-heading\">Cookies<\/h2>\n\n\n\n<p>Nous utilisons des cookies sur campingmoubra.ch pour am\u00e9liorer votre exp\u00e9rience de navigation, surveiller l&rsquo;utilisation du site et fournir un contenu personnalis\u00e9. Les cookies essentiels assurent le bon fonctionnement de notre site web, tandis que les cookies analytiques et de fonctionnalit\u00e9 nous aident \u00e0 optimiser les performances et l&rsquo;exp\u00e9rience de l&rsquo;utilisateur.<\/p>\n\n\n\n<p>En continuant \u00e0 utiliser notre site, vous consentez \u00e0 ce que nous utilisions des cookies. Vous pouvez \u00e0 tout moment modifier vos pr\u00e9f\u00e9rences en mati\u00e8re de cookies par le biais des param\u00e8tres de votre navigateur.<\/p>\n\n\n\n<h2 class=\"wp-block-heading\">Contenu int\u00e9gr\u00e9 d&rsquo;autres sites web<\/h2>\n\n\n\n<p>Les articles de ce site peuvent contenir du contenu int\u00e9gr\u00e9 (par exemple des vid\u00e9os, des images, des articles, etc.). Le contenu int\u00e9gr\u00e9 provenant d&rsquo;autres sites web se comporte exactement de la m\u00eame mani\u00e8re que si le visiteur avait visit\u00e9 l&rsquo;autre site web.<\/p>\n\n\n\n<p>Ces sites web peuvent collecter des donn\u00e9es vous concernant, utiliser des cookies, int\u00e9grer un suivi suppl\u00e9mentaire par des tiers et surveiller votre interaction avec ce contenu int\u00e9gr\u00e9, y compris votre interaction avec le contenu int\u00e9gr\u00e9 si vous avez un compte et que vous \u00eates connect\u00e9 \u00e0 ce site web.<\/p>\n\n\n\n<h2 class=\"wp-block-heading\">Avec qui nous partageons vos donn\u00e9es<\/h2>\n\n\n\n<p>Toutes les demandes de r\u00e9servation envoy\u00e9es par e-mail sont stock\u00e9es en toute s\u00e9curit\u00e9 \u00e0 l&rsquo;aide de notre application Bluewin Outlook. Vos donn\u00e9es ne sont pas partag\u00e9es avec des tiers et sont utilis\u00e9es uniquement pour le traitement de vos r\u00e9servations.<\/p>\n\n\n\n<h2 class=\"wp-block-heading\">Vos droits par rapport \u00e0 vos donn\u00e9es<\/h2>\n\n\n\n<p>Vous pouvez \u00e9galement nous demander d&rsquo;effacer toutes les donn\u00e9es personnelles que nous d\u00e9tenons \u00e0 votre sujet. Cela n&rsquo;inclut pas les donn\u00e9es que nous sommes oblig\u00e9s de conserver \u00e0 des fins administratives, juridiques ou de s\u00e9curit\u00e9.<\/p>","protected":false},"excerpt":{"rendered":"<p>Qui nous sommes L&rsquo;adresse de notre site web est: https:\/\/my.campingmoubra.ch. Cookies Nous utilisons des cookies sur campingmoubra.ch pour [&hellip;]<\/p>\n","protected":false},"author":1,"featured_media":0,"parent":0,"menu_order":0,"comment_status":"closed","ping_status":"open","template":"","meta":{"two_page_speed":[],"footnotes":""},"class_list":["post-3","page","type-page","status-publish","hentry"],"_links":{"self":[{"href":"https:\/\/campingmoubra.ch\/en\/wp-json\/wp\/v2\/pages\/3","targetHints":{"allow":["GET"]}}],"collection":[{"href":"https:\/\/campingmoubra.ch\/en\/wp-json\/wp\/v2\/pages"}],"about":[{"href":"https:\/\/campingmoubra.ch\/en\/wp-json\/wp\/v2\/types\/page"}],"author":[{"embeddable":true,"href":"https:\/\/campingmoubra.ch\/en\/wp-json\/wp\/v2\/users\/1"}],"replies":[{"embeddable":true,"href":"https:\/\/campingmoubra.ch\/en\/wp-json\/wp\/v2\/comments?post=3"}],"version-history":[{"count":1,"href":"https:\/\/campingmoubra.ch\/en\/wp-json\/wp\/v2\/pages\/3\/revisions"}],"predecessor-version":[{"id":391,"href":"https:\/\/campingmoubra.ch\/en\/wp-json\/wp\/v2\/pages\/3\/revisions\/391"}],"wp:attachment":[{"href":"https:\/\/campingmoubra.ch\/en\/wp-json\/wp\/v2\/media?parent=3"}],"curies":[{"name":"wp","href":"https:\/\/api.w.org\/{rel}","templated":true}]}}