{"id":32,"date":"2025-03-22T11:39:40","date_gmt":"2025-03-22T11:39:40","guid":{"rendered":"https:\/\/my.campingmoubra.ch\/?page_id=32"},"modified":"2025-11-06T13:19:39","modified_gmt":"2025-11-06T13:19:39","slug":"prix","status":"publish","type":"page","link":"https:\/\/campingmoubra.ch\/en\/prix\/","title":{"rendered":"Prices"},"content":{"rendered":"<p><strong>Free Wi-Fi! The french version of the website is authoritative<\/strong> <em>La version fran\u00e7aise du site internet fait foi.<\/em> Paiements \u00e0 l\u2019arriv\u00e9e.<\/p>\n\n\n\n<p>Les installations sanitaires ont \u00e9t\u00e9 fra\u00eechement r\u00e9nov\u00e9es et sont \u00e0 la pointe.<\/p>\n\n\n\n<p><strong>Pas besoin de r\u00e9server pour le petites tentes, les petits bus, vans ou voitures.<\/strong><\/p>\n\n\n\n<div style=\"height:13px\" aria-hidden=\"true\" class=\"wp-block-spacer\"><\/div>\n\n\n\n<div class=\"wp-block-columns is-layout-flex wp-container-core-columns-is-layout-9d6595d7 wp-block-columns-is-layout-flex\">\n<div class=\"wp-block-column is-layout-flow wp-block-column-is-layout-flow\" style=\"flex-basis:66.66%\">\n<!DOCTYPE html>\n<html lang=\"fr\">\n<head>\n    <meta charset=\"UTF-8\">\n    <meta name=\"viewport\" content=\"width=device-width, initial-scale=1.0\">\n    <title>Liste des Prix<\/title>\n    <script src=\"https:\/\/cdn.tailwindcss.com\"><\/script>\n<\/head>\n<body class=\"bg-gray-100 flex items-center justify-center min-h-screen\">\n    <div class=\"max-w-3xl w-full p-6 bg-white rounded-2xl shadow-lg\">\n        <h2 class=\"text-2xl font-bold text-center text-green-800 mb-6\">Pricelist<\/h2>\n        \n        <table class=\"w-full border-collapse border border-gray-300\">\n            <thead>\n                <tr class=\"bg-orange-700 text-white\">\n                    <th class=\"border border-gray-300 px-4 py-2 text-left\">Service<\/th>\n                    <th class=\"border border-gray-300 px-4 py-2 text-left\">Price<\/th>\n                <\/tr>\n            <\/thead>\n            <tbody>\n                <tr><td class=\"border border-gray-300 px-4 py-2 font-semibold\">Tent pitch, 2 pers.<\/td><td class=\"border border-gray-300 px-4 py-2\">CHF 8.00<\/td><\/tr>\n                <tr><td class=\"border border-gray-300 px-4 py-2 font-semibold\">Adult<\/td><td class=\"border border-gray-300 px-4 py-2\">CHF 9.00<\/td><\/tr>\n                <tr><td class=\"border border-gray-300 px-4 py-2 font-semibold\">Child (0-12 years)<\/td><td class=\"border border-gray-300 px-4 py-2\">CHF 4.50<\/td><\/tr>\n                <tr><td class=\"border border-gray-300 px-4 py-2 font-semibold\">Dog<\/td><td class=\"border border-gray-300 px-4 py-2\">CHF 3.00<\/td><\/tr>\n                <tr><td class=\"border border-gray-300 px-4 py-2 font-semibold\">Mobilhome<\/td><td class=\"border border-gray-300 px-4 py-2\">CHF 18.00<\/td><\/tr>\n                <tr><td class=\"border border-gray-300 px-4 py-2 font-semibold\">Camper<\/td><td class=\"border border-gray-300 px-4 py-2\">CHF 18.00<\/td><\/tr>\n                <tr><td class=\"border border-gray-300 px-4 py-2 font-semibold\">Tent &amp; Car<\/td><td class=\"border border-gray-300 px-4 py-2\">CHF 14.00<\/td><\/tr>\n                <tr><td class=\"border border-gray-300 px-4 py-2 font-semibold\">\u00c9lectricit\u00e9 6 \/ 10 amp\u00e8res <\/td><td class=\"border border-gray-300 px-4 py-2\">CHF 5.00 \/ 10.00<\/td><\/tr>\n                <tr><td class=\"border border-gray-300 px-4 py-2 font-semibold\">Tourist tax<\/td><td class=\"border border-gray-300 px-4 py-2\">CHF 5.00<\/td><\/tr>\n                <tr><td class=\"border border-gray-300 px-4 py-2 font-semibold\">Taxe de s\u00e9jour enfant 6+<\/td><td class=\"border border-gray-300 px-4 py-2\">CHF 2.50<\/td><\/tr>\n                <tr>\n                    <td class=\"border border-gray-300 px-4 py-2 font-semibold\">\n                        Dormitory (20 places, sleeping bags compulsory)\n                    <\/td>\n                    <td class=\"border border-gray-300 px-4 py-2\">CHF 35.00 \/ person<\/td>\n                <\/tr>\n            <\/tbody>\n        <\/table>\n    <\/div>\n<\/body>\n<\/html>\n\n<\/div>\n\n\n\n<div class=\"wp-block-column is-layout-flow wp-block-column-is-layout-flow\" style=\"flex-basis:33.33%\">\n<figure class=\"wp-block-gallery has-nested-images columns-default is-cropped wp-block-gallery-1 is-layout-flex wp-block-gallery-is-layout-flex\">\n<figure class=\"wp-block-image size-large\"><img fetchpriority=\"high\" decoding=\"async\" width=\"358\" height=\"315\" data-id=\"261\" src=\"https:\/\/my.campingmoubra.ch\/wp-content\/uploads\/2025\/04\/dortoir.jpg\" alt=\"\" class=\"wp-image-261\" srcset=\"https:\/\/campingmoubra.ch\/wp-content\/uploads\/2025\/04\/dortoir.jpg 358w, https:\/\/campingmoubra.ch\/wp-content\/uploads\/2025\/04\/dortoir-300x264.jpg 300w\" sizes=\"(max-width: 358px) 100vw, 358px\" \/><figcaption class=\"wp-element-caption\">Dormitory Moubra South<\/figcaption><\/figure>\n\n\n\n<figure class=\"wp-block-image size-large\"><img decoding=\"async\" width=\"800\" height=\"600\" data-id=\"260\" src=\"https:\/\/my.campingmoubra.ch\/wp-content\/uploads\/2025\/04\/Partenaire_Campinggroupescabanes_b66c07de9e11f9fd3ab33e302c6d19ad65a2c145dffb8.png\" alt=\"\" class=\"wp-image-260\" srcset=\"https:\/\/campingmoubra.ch\/wp-content\/uploads\/2025\/04\/Partenaire_Campinggroupescabanes_b66c07de9e11f9fd3ab33e302c6d19ad65a2c145dffb8.png 800w, https:\/\/campingmoubra.ch\/wp-content\/uploads\/2025\/04\/Partenaire_Campinggroupescabanes_b66c07de9e11f9fd3ab33e302c6d19ad65a2c145dffb8-300x225.png 300w, https:\/\/campingmoubra.ch\/wp-content\/uploads\/2025\/04\/Partenaire_Campinggroupescabanes_b66c07de9e11f9fd3ab33e302c6d19ad65a2c145dffb8-768x576.png 768w\" sizes=\"(max-width: 800px) 100vw, 800px\" \/><figcaption class=\"wp-element-caption\">Dormitory Moubra North<\/figcaption><\/figure>\n<\/figure>\n\n\n\n<figure class=\"wp-block-gallery has-nested-images columns-default is-cropped wp-block-gallery-2 is-layout-flex wp-block-gallery-is-layout-flex\">\n<figure class=\"wp-block-image size-large\"><img decoding=\"async\" width=\"768\" height=\"540\" data-id=\"200\" src=\"https:\/\/my.campingmoubra.ch\/wp-content\/uploads\/2025\/03\/img_0168_20170610_2082607888.jpg\" alt=\"\" class=\"wp-image-200\" srcset=\"https:\/\/campingmoubra.ch\/wp-content\/uploads\/2025\/03\/img_0168_20170610_2082607888.jpg 768w, https:\/\/campingmoubra.ch\/wp-content\/uploads\/2025\/03\/img_0168_20170610_2082607888-300x211.jpg 300w\" sizes=\"(max-width: 768px) 100vw, 768px\" \/><figcaption class=\"wp-element-caption\">En \u00e9t\u00e9<\/figcaption><\/figure>\n\n\n\n<figure class=\"wp-block-image size-large\"><img loading=\"lazy\" decoding=\"async\" width=\"768\" height=\"540\" data-id=\"207\" src=\"https:\/\/my.campingmoubra.ch\/wp-content\/uploads\/2025\/03\/img_0182_20170610_1900719903.jpg\" alt=\"\" class=\"wp-image-207\" srcset=\"https:\/\/campingmoubra.ch\/wp-content\/uploads\/2025\/03\/img_0182_20170610_1900719903.jpg 768w, https:\/\/campingmoubra.ch\/wp-content\/uploads\/2025\/03\/img_0182_20170610_1900719903-300x211.jpg 300w\" sizes=\"(max-width: 768px) 100vw, 768px\" \/><figcaption class=\"wp-element-caption\">Billard<\/figcaption><\/figure>\n\n\n\n<figure class=\"wp-block-image size-large\"><img loading=\"lazy\" decoding=\"async\" width=\"768\" height=\"540\" data-id=\"205\" src=\"https:\/\/my.campingmoubra.ch\/wp-content\/uploads\/2025\/03\/img_0175_20170610_1305155863.jpg\" alt=\"\" class=\"wp-image-205\" srcset=\"https:\/\/campingmoubra.ch\/wp-content\/uploads\/2025\/03\/img_0175_20170610_1305155863.jpg 768w, https:\/\/campingmoubra.ch\/wp-content\/uploads\/2025\/03\/img_0175_20170610_1305155863-300x211.jpg 300w\" sizes=\"(max-width: 768px) 100vw, 768px\" \/><figcaption class=\"wp-element-caption\">Beach<\/figcaption><\/figure>\n\n\n\n<figure class=\"wp-block-image size-large\"><img loading=\"lazy\" decoding=\"async\" width=\"768\" height=\"540\" data-id=\"210\" src=\"https:\/\/my.campingmoubra.ch\/wp-content\/uploads\/2025\/03\/img_0183_20170610_1670562521.jpg\" alt=\"\" class=\"wp-image-210\" srcset=\"https:\/\/campingmoubra.ch\/wp-content\/uploads\/2025\/03\/img_0183_20170610_1670562521.jpg 768w, https:\/\/campingmoubra.ch\/wp-content\/uploads\/2025\/03\/img_0183_20170610_1670562521-300x211.jpg 300w\" sizes=\"(max-width: 768px) 100vw, 768px\" \/><figcaption class=\"wp-element-caption\">Playground<\/figcaption><\/figure>\n\n\n\n<figure class=\"wp-block-image size-large\"><img loading=\"lazy\" decoding=\"async\" width=\"768\" height=\"540\" data-id=\"227\" src=\"https:\/\/my.campingmoubra.ch\/wp-content\/uploads\/2025\/03\/iphone_fin_2014_041_20170610_1536592133.jpg\" alt=\"\" class=\"wp-image-227\" srcset=\"https:\/\/campingmoubra.ch\/wp-content\/uploads\/2025\/03\/iphone_fin_2014_041_20170610_1536592133.jpg 768w, https:\/\/campingmoubra.ch\/wp-content\/uploads\/2025\/03\/iphone_fin_2014_041_20170610_1536592133-300x211.jpg 300w\" sizes=\"(max-width: 768px) 100vw, 768px\" \/><figcaption class=\"wp-element-caption\">In winter<\/figcaption><\/figure>\n<\/figure>\n<\/div>\n<\/div>\n\n\n\n<div class=\"wp-block-columns is-layout-flex wp-container-core-columns-is-layout-9d6595d7 wp-block-columns-is-layout-flex\">\n<div class=\"wp-block-column is-vertically-aligned-center is-layout-flow wp-block-column-is-layout-flow\" style=\"flex-basis:33.33%\">\n<figure class=\"wp-block-image size-full\"><img loading=\"lazy\" decoding=\"async\" width=\"768\" height=\"540\" src=\"https:\/\/my.campingmoubra.ch\/wp-content\/uploads\/2025\/03\/img_0169_20170610_1763376286.jpg\" alt=\"\" class=\"wp-image-201\" srcset=\"https:\/\/campingmoubra.ch\/wp-content\/uploads\/2025\/03\/img_0169_20170610_1763376286.jpg 768w, https:\/\/campingmoubra.ch\/wp-content\/uploads\/2025\/03\/img_0169_20170610_1763376286-300x211.jpg 300w\" sizes=\"(max-width: 768px) 100vw, 768px\" \/><figcaption class=\"wp-element-caption\">Boccia<\/figcaption><\/figure>\n<\/div>\n\n\n\n<div class=\"wp-block-column is-layout-flow wp-block-column-is-layout-flow\" style=\"flex-basis:66.66%\">\n<!DOCTYPE html>\n<html lang=\"fr\">\n<head>\n    <meta charset=\"UTF-8\">\n    <meta name=\"viewport\" content=\"width=device-width, initial-scale=1.0\">\n    <title>Activit\u00e9s du Camping<\/title>\n    <script src=\"https:\/\/cdn.tailwindcss.com\"><\/script>\n<\/head>\n<body class=\"bg-gray-100 flex items-center justify-center min-h-screen\">\n    <div class=\"max-w-5xl w-full p-6 bg-white rounded-2xl shadow-lg\">\n        <h2 class=\"text-2xl font-bold text-center text-green-800 mb-6\">Our activities<\/h2>\n        \n        <table class=\"w-full border-collapse border border-gray-300\">\n            <thead>\n                <tr class=\"bg-orange-700 text-white\">\n                    <th class=\"border border-gray-300 px-6 py-2 text-left whitespace-nowrap\">Season<\/th>\n                    <th class=\"border border-gray-300 px-6 py-2 text-left whitespace-nowrap\">Activities<\/th>\n                <\/tr>\n            <\/thead>\n            <tbody>\n                <tr class=\"bg-white\">\n                    <td class=\"border border-gray-300 px-6 py-2 font-semibold whitespace-nowrap\">Summer<\/td>\n                    <td class=\"border border-gray-300 px-6 py-2\">\n                        Free outdoor fitness (15 machines), Adrenature Sports Adventure, Adventure Park, Monster 4\u00d74, Canyoning, Nordic Walking, Climbing wall, Beach Volleyball, Football pitch, Mountain bike, 1st of august festivities, Blues Festival,  Ycoor Minigolf, Le Sporting swimming pool, WaterGames, Tennis, Indoor skating rink.\n                    <\/td>\n                <\/tr>\n                <tr class=\"bg-gray-50\">\n                    <td class=\"border border-gray-300 px-6 py-2 font-semibold whitespace-nowrap\">Winter<\/td>\n                    <td class=\"border border-gray-300 px-6 py-2\">\n                        Downhill skiing, Cross-country skiing, Adrenature Sports Adventure, Snowshoeing, Nordic Walking, Skating rink, Ice climbing, Golf, forest and lakeside walks, Climbing hall.\n                    <\/td>\n                <\/tr>\n                <tr class=\"bg-white\">\n                    <td class=\"border border-gray-300 px-6 py-2 font-semibold whitespace-nowrap\">At the campground<\/td>\n                    <td class=\"border border-gray-300 px-6 py-2\">\n                        Chess club, game room, billiards, table soccer, darts, table tennis, pedal boat, petanque, stand-up paddle. <br>\n                        <strong>Restauration :<\/strong> Snacks, fondue, raclette, grilled meats.\n                    <\/td>\n                <\/tr>\n            <\/tbody>\n        <\/table>\n    <\/div>\n<\/body>\n<\/html>\n<\/div>\n<\/div>\n\n\n\n<p><\/p>","protected":false},"excerpt":{"rendered":"<p>Wi-Fi gratuit! La version fran\u00e7aise du site internet fait foi. Paiements \u00e0 l\u2019arriv\u00e9e. Les installations sanitaires ont \u00e9t\u00e9 [&hellip;]<\/p>\n","protected":false},"author":1,"featured_media":0,"parent":0,"menu_order":0,"comment_status":"closed","ping_status":"closed","template":"","meta":{"two_page_speed":[],"footnotes":""},"class_list":["post-32","page","type-page","status-publish","hentry"],"_links":{"self":[{"href":"https:\/\/campingmoubra.ch\/en\/wp-json\/wp\/v2\/pages\/32","targetHints":{"allow":["GET"]}}],"collection":[{"href":"https:\/\/campingmoubra.ch\/en\/wp-json\/wp\/v2\/pages"}],"about":[{"href":"https:\/\/campingmoubra.ch\/en\/wp-json\/wp\/v2\/types\/page"}],"author":[{"embeddable":true,"href":"https:\/\/campingmoubra.ch\/en\/wp-json\/wp\/v2\/users\/1"}],"replies":[{"embeddable":true,"href":"https:\/\/campingmoubra.ch\/en\/wp-json\/wp\/v2\/comments?post=32"}],"version-history":[{"count":10,"href":"https:\/\/campingmoubra.ch\/en\/wp-json\/wp\/v2\/pages\/32\/revisions"}],"predecessor-version":[{"id":472,"href":"https:\/\/campingmoubra.ch\/en\/wp-json\/wp\/v2\/pages\/32\/revisions\/472"}],"wp:attachment":[{"href":"https:\/\/campingmoubra.ch\/en\/wp-json\/wp\/v2\/media?parent=32"}],"curies":[{"name":"wp","href":"https:\/\/api.w.org\/{rel}","templated":true}]}}